{"id":32445,"date":"2025-02-14T15:26:45","date_gmt":"2025-02-14T18:26:45","guid":{"rendered":"https:\/\/letter.app.br\/site\/?page_id=32445"},"modified":"2025-02-14T15:43:06","modified_gmt":"2025-02-14T18:43:06","slug":"lease-equity","status":"publish","type":"page","link":"https:\/\/letter.app.br\/site\/lease-equity\/","title":{"rendered":"Lease Equity"},"content":{"rendered":"\t\t<div data-elementor-type=\"wp-page\" data-elementor-id=\"32445\" class=\"elementor elementor-32445\">\n\t\t\t\t\t\t<section class=\"elementor-section elementor-top-section elementor-element elementor-element-de560f0 elementor-section-content-middle elementor-section-stretched elementor-section-boxed elementor-section-height-default elementor-section-height-default\" data-id=\"de560f0\" data-element_type=\"section\" data-e-type=\"section\" data-settings=\"{&quot;stretch_section&quot;:&quot;section-stretched&quot;,&quot;background_background&quot;:&quot;classic&quot;}\">\n\t\t\t\t\t\t<div class=\"elementor-container elementor-column-gap-default\">\n\t\t\t\t\t<div class=\"elementor-column elementor-col-100 elementor-top-column elementor-element elementor-element-11ddc86\" data-id=\"11ddc86\" data-element_type=\"column\" data-e-type=\"column\">\n\t\t\t<div class=\"elementor-widget-wrap\">\n\t\t\t\t\t\t\t<\/div>\n\t\t<\/div>\n\t\t\t\t\t<\/div>\n\t\t<\/section>\n\t\t\t\t<section data-cea-float=\"[{&quot;float_title&quot;:&quot;Floating Image&quot;,&quot;float_img&quot;:&quot;https:\\\/\\\/wordpress.zozothemes.com\\\/gigas\\\/wp-content\\\/uploads\\\/sites\\\/5\\\/2023\\\/01\\\/arrow-type-1.png&quot;,&quot;float_left&quot;:&quot;72&quot;,&quot;float_top&quot;:&quot;73&quot;,&quot;float_distance&quot;:&quot;100&quot;,&quot;float_animation&quot;:&quot;1&quot;,&quot;float_mouse&quot;:&quot;0&quot;,&quot;float_width&quot;:&quot;200px&quot;}]\" class=\"elementor-section elementor-top-section elementor-element elementor-element-b9da87b elementor-section-stretched elementor-section-boxed elementor-section-height-default elementor-section-height-default\" data-id=\"b9da87b\" data-element_type=\"section\" data-e-type=\"section\" data-settings=\"{&quot;stretch_section&quot;:&quot;section-stretched&quot;,&quot;background_background&quot;:&quot;classic&quot;}\">\n\t\t\t\t\t\t\t<div class=\"elementor-background-overlay\"><\/div>\n\t\t\t\t\t\t\t<div class=\"elementor-container elementor-column-gap-extended\">\n\t\t\t\t\t<div class=\"elementor-column elementor-col-100 elementor-top-column elementor-element elementor-element-22b576a\" data-id=\"22b576a\" data-element_type=\"column\" data-e-type=\"column\">\n\t\t\t<div class=\"elementor-widget-wrap\">\n\t\t\t\t\t\t\t<\/div>\n\t\t<\/div>\n\t\t\t\t\t<\/div>\n\t\t<\/section>\n\t\t\t\t<section class=\"elementor-section elementor-top-section elementor-element elementor-element-78c8be4 elementor-section-boxed elementor-section-height-default elementor-section-height-default\" data-id=\"78c8be4\" data-element_type=\"section\" data-e-type=\"section\">\n\t\t\t\t\t\t<div class=\"elementor-container elementor-column-gap-default\">\n\t\t\t\t\t<div class=\"elementor-column elementor-col-100 elementor-top-column elementor-element elementor-element-f1756c6\" data-id=\"f1756c6\" data-element_type=\"column\" data-e-type=\"column\">\n\t\t\t<div class=\"elementor-widget-wrap elementor-element-populated\">\n\t\t\t\t\t\t<div class=\"elementor-element elementor-element-c313cbf elementor-widget elementor-widget-spacer\" data-id=\"c313cbf\" data-element_type=\"widget\" data-e-type=\"widget\" data-widget_type=\"spacer.default\">\n\t\t\t\t<div class=\"elementor-widget-container\">\n\t\t\t\t\t\t\t<div class=\"elementor-spacer\">\n\t\t\t<div class=\"elementor-spacer-inner\"><\/div>\n\t\t<\/div>\n\t\t\t\t\t\t<\/div>\n\t\t\t\t<\/div>\n\t\t\t\t<div class=\"elementor-element elementor-element-c7e0588 cea-align-center elementor-widget elementor-widget-ceasectiontitle\" data-id=\"c7e0588\" data-element_type=\"widget\" data-e-type=\"widget\" data-widget_type=\"ceasectiontitle.default\">\n\t\t\t\t<div class=\"elementor-widget-container\">\n\t\t\t\t\t<div class=\"section-title-wrapper\"><div class=\"title-wrap\"><h4 class=\"section-title\">Lease Equity e Capital De Giro Com Im\u00f3vel<\/h4><\/div><!-- .title-wrap --><div class=\"section-description\"><\/div><!-- .section-description --><\/div><!-- .section-title-wrapper -->\t\t\t\t<\/div>\n\t\t\t\t<\/div>\n\t\t\t\t<div class=\"elementor-element elementor-element-a374a9a elementor-widget elementor-widget-text-editor\" data-id=\"a374a9a\" data-element_type=\"widget\" data-e-type=\"widget\" data-widget_type=\"text-editor.default\">\n\t\t\t\t<div class=\"elementor-widget-container\">\n\t\t\t\t\t\t\t\t\t<div style=\"padding-left: 40px;\"><strong>Na Letter Bank, oferecemos solu\u00e7\u00f5es inovadoras de financiamento, alavancagem e investimento.<\/strong><\/div><div style=\"padding-left: 40px;\"><strong>Aqui est\u00e3o os pontos principais:<\/strong><\/div><div>\u00a0<\/div><div style=\"padding-left: 40px;\">1. Cr\u00e9dito menos burocr\u00e1tico do pa\u00eds. Opera\u00e7\u00e3o com im\u00f3vel como garantia com aprova\u00e7\u00e3o facilitada e taxas super atrativas.<\/div><div style=\"padding-left: 40px;\">2.Plataforma com IA para aquisi\u00e7\u00e3o de bens m\u00f3veis e im\u00f3veis com aprova\u00e7\u00e3o facilitada, onde \u00e9 poss\u00edvel aprova\u00e7\u00e3o at\u00e9 para quem est\u00e1 negativado.<\/div><div style=\"padding-left: 40px;\">3.Lease Equity (Aluguel Letter): Nosso mais recente produto permite que voc\u00ea \u201calugue\u201d seu pr\u00f3prio im\u00f3vel para si mesmo.<\/div><div>\u00a0<\/div><div style=\"padding-left: 40px;\"><span style=\"color: #003366;\"><strong>Funciona assim:<\/strong><\/span><\/div><div>\u00a0<\/div><div style=\"padding-left: 40px;\">\u2022N\u00f3s inserimos uma aliena\u00e7\u00e3o no seu im\u00f3vel.<\/div><div style=\"padding-left: 40px;\">\u2022Assinaremos o contrato referente a opera\u00e7\u00e3o.<\/div><div style=\"padding-left: 40px;\">\u2022Voc\u00ea recebe o equivalente a 5% do valor do seu im\u00f3vel de forma antecipada, ap\u00f3s o registro da aliena\u00e7\u00e3o.<\/div><div style=\"padding-left: 40px;\">\u2022Voc\u00ea receber\u00e1 mensalmente um aluguel previamente acordado em contrato referente ao seu im\u00f3vel durante todo o per\u00edodo de vigor do contrato de aliena\u00e7\u00e3o.<\/div><div>\u00a0<\/div><div style=\"padding-left: 40px;\">4.Opera\u00e7\u00e3o ideal para quem possui um im\u00f3vel quitado e deseja ter renda extra de forma 100% passiva, al\u00e9m de poder alavancar um valor de imediato na opera\u00e7\u00e3o.<\/div><div>\u00a0<\/div><div style=\"padding-left: 40px;\">\u00c9 poss\u00edvel realizarmos a opera\u00e7\u00e3o mesmo que este seja o seu \u00fanico bem ou ainda se o mesmo estiver alugado.<\/div><div>\u00a0<\/div><div style=\"padding-left: 40px;\">Com a Letter Bank voc\u00ea n\u00e3o s\u00f3 mant\u00e9m a propriedade de seu im\u00f3vel, mas tamb\u00e9m aproveita os frutos de um investimento robusto, tudo em seu nome.\u00a0<\/div><div style=\"padding-left: 40px;\">Pense nisso como uma maneira de fazer o seu patrim\u00f4nio trabalhar para voc\u00ea de forma inteligente, passiva e segura!<\/div><div>\u00a0<\/div><div style=\"padding-left: 40px;\">Preencha o formul\u00e1rio abaixo agora mesmo para fazermos um estudo de viabilidade totalmente gr\u00e1tis para voc\u00ea!<\/div>\t\t\t\t\t\t\t\t<\/div>\n\t\t\t\t<\/div>\n\t\t\t\t<div class=\"elementor-element elementor-element-f40cd20 elementor-widget elementor-widget-spacer\" data-id=\"f40cd20\" data-element_type=\"widget\" data-e-type=\"widget\" data-widget_type=\"spacer.default\">\n\t\t\t\t<div class=\"elementor-widget-container\">\n\t\t\t\t\t\t\t<div class=\"elementor-spacer\">\n\t\t\t<div class=\"elementor-spacer-inner\"><\/div>\n\t\t<\/div>\n\t\t\t\t\t\t<\/div>\n\t\t\t\t<\/div>\n\t\t\t\t\t<\/div>\n\t\t<\/div>\n\t\t\t\t\t<\/div>\n\t\t<\/section>\n\t\t\t\t<section class=\"elementor-section elementor-top-section elementor-element elementor-element-d77a3fa elementor-section-boxed elementor-section-height-default elementor-section-height-default\" data-id=\"d77a3fa\" data-element_type=\"section\" data-e-type=\"section\">\n\t\t\t\t\t\t<div class=\"elementor-container elementor-column-gap-default\">\n\t\t\t\t\t<div class=\"elementor-column elementor-col-50 elementor-top-column elementor-element elementor-element-c871ba4\" data-id=\"c871ba4\" data-element_type=\"column\" data-e-type=\"column\">\n\t\t\t<div class=\"elementor-widget-wrap elementor-element-populated\">\n\t\t\t\t\t\t<div class=\"elementor-element elementor-element-82b1697 animated-fast elementor-invisible elementor-widget elementor-widget-ceasectiontitle\" data-id=\"82b1697\" data-element_type=\"widget\" data-e-type=\"widget\" data-settings=\"{&quot;_animation&quot;:&quot;fadeInUp&quot;}\" data-widget_type=\"ceasectiontitle.default\">\n\t\t\t\t<div class=\"elementor-widget-container\">\n\t\t\t\t\t<div class=\"section-title-wrapper\"><div class=\"title-wrap\"><h4 class=\"section-title\">Lease Equity<\/h4><\/div><!-- .title-wrap --><div class=\"section-description\"><\/div><!-- .section-description --><\/div><!-- .section-title-wrapper -->\t\t\t\t<\/div>\n\t\t\t\t<\/div>\n\t\t\t\t<div class=\"elementor-element elementor-element-1d9dfa2 elementor-widget elementor-widget-text-editor\" data-id=\"1d9dfa2\" data-element_type=\"widget\" data-e-type=\"widget\" data-widget_type=\"text-editor.default\">\n\t\t\t\t<div class=\"elementor-widget-container\">\n\t\t\t\t\t\t\t\t\t<div style=\"color: #202124; font-family: Roboto, Arial, sans-serif; font-size: 14.6667px; white-space-collapse: preserve;\"><div class=\"N0gd6\"><div class=\"cBGGJ OIC90c\" dir=\"auto\" style=\"padding-left: 40px;\"><p>Est\u00e1 precisando de cr\u00e9dito mas o mercado fechou as portas para voc\u00ea?<br \/>Est\u00e1 precisando de uma renda extra, possui um im\u00f3vel quitado, mas n\u00e3o sabe o que e como fazer?<br \/>Preencha agora mesmo este formul\u00e1rio que em breve um de nossos especialistas entrar\u00e1 em contato contigo para te ajudar.<\/p><p><b>Importante!<\/b><\/p><ul><li><b>Linha de cr\u00e9dito dispon\u00edvel apenas para im\u00f3veis como garantia;<\/b><\/li><li><b>Operamos com im\u00f3veis URBANOS e RURAIS;<\/b><\/li><li><b>O im\u00f3vel precisa est\u00e1 com toda a documenta\u00e7\u00e3o regularizada e em dia.<\/b><\/li><\/ul><\/div><div class=\"liS6Hc\">\u00a0<\/div><\/div><\/div>\t\t\t\t\t\t\t\t<\/div>\n\t\t\t\t<\/div>\n\t\t\t\t\t<\/div>\n\t\t<\/div>\n\t\t\t\t<div class=\"elementor-column elementor-col-50 elementor-top-column elementor-element elementor-element-ea64eda\" data-id=\"ea64eda\" data-element_type=\"column\" data-e-type=\"column\" data-settings=\"{&quot;background_background&quot;:&quot;classic&quot;}\">\n\t\t\t<div class=\"elementor-widget-wrap elementor-element-populated\">\n\t\t\t\t\t<div class=\"elementor-background-overlay\"><\/div>\n\t\t\t\t\t\t<div class=\"elementor-element elementor-element-3ff6a96 elementor-widget elementor-widget-spacer\" data-id=\"3ff6a96\" data-element_type=\"widget\" data-e-type=\"widget\" data-widget_type=\"spacer.default\">\n\t\t\t\t<div class=\"elementor-widget-container\">\n\t\t\t\t\t\t\t<div class=\"elementor-spacer\">\n\t\t\t<div class=\"elementor-spacer-inner\"><\/div>\n\t\t<\/div>\n\t\t\t\t\t\t<\/div>\n\t\t\t\t<\/div>\n\t\t\t\t<div class=\"elementor-element elementor-element-7cf8a52 animated-fast cea-tablet-align-center elementor-widget__width-initial cea-align-center elementor-invisible elementor-widget elementor-widget-ceasectiontitle\" data-id=\"7cf8a52\" data-element_type=\"widget\" data-e-type=\"widget\" data-settings=\"{&quot;_animation&quot;:&quot;fadeInUp&quot;}\" data-widget_type=\"ceasectiontitle.default\">\n\t\t\t\t<div class=\"elementor-widget-container\">\n\t\t\t\t\t<div class=\"section-title-wrapper title-theme\"><div class=\"title-wrap\"><h6 class=\"section-title\"><span class=\"title-prefix\">Lease Equity e Capital De Giro Com Im\u00f3vel<\/span> <\/h6><\/div><!-- .title-wrap --><div class=\"section-description\"><\/div><!-- .section-description --><\/div><!-- .section-title-wrapper -->\t\t\t\t<\/div>\n\t\t\t\t<\/div>\n\t\t\t\t<div class=\"elementor-element elementor-element-68d8d27 elementor-widget elementor-widget-spacer\" data-id=\"68d8d27\" data-element_type=\"widget\" data-e-type=\"widget\" data-widget_type=\"spacer.default\">\n\t\t\t\t<div class=\"elementor-widget-container\">\n\t\t\t\t\t\t\t<div class=\"elementor-spacer\">\n\t\t\t<div class=\"elementor-spacer-inner\"><\/div>\n\t\t<\/div>\n\t\t\t\t\t\t<\/div>\n\t\t\t\t<\/div>\n\t\t\t\t<div class=\"elementor-element elementor-element-e7013ce cea-btn-align-center cea-btn-tablet-align-center elementor-invisible elementor-widget elementor-widget-ceabutton\" data-id=\"e7013ce\" data-element_type=\"widget\" data-e-type=\"widget\" data-settings=\"{&quot;_animation&quot;:&quot;fadeInUp&quot;}\" data-widget_type=\"ceabutton.default\">\n\t\t\t\t<div class=\"elementor-widget-container cea-button-wrapper\">\r\n\t\t\t\t\t<div class=\"cea-button-wrapper\">\r\n\t\t\t<a href=\"https:\/\/docs.google.com\/forms\/d\/1BDwPNqa4WxX-p9FBQ0QQmnVyc_rAruOgH_DvVa1Sn9E\/viewform?pli=1&#038;pli=1&#038;edit_requested=true\" class=\"cea-button-link elementor-button cea-button elementor-size-lg\">\r\n\t\t\t\t\t\t<span class=\"cea-button-content-wrapper\">\r\n\t\t\t\t\t\t<span class=\"cea-button-icon cea-align-icon-\">\r\n\t\t\t\t\t\t\t<\/span>\r\n\t\t\t\t\t\t<span class=\"cea-button-text\">Solicite Aqui.<\/span>\r\n\t\t<\/span>\r\n\t\t\t\t\t<\/a>\r\n\t\t<\/div>\r\n\t\t\t\t<\/div>\r\n\t\t\t\t<\/div>\n\t\t\t\t\t<\/div>\n\t\t<\/div>\n\t\t\t\t\t<\/div>\n\t\t<\/section>\n\t\t\t\t<section class=\"elementor-section elementor-top-section elementor-element elementor-element-f1d1fb2 elementor-section-boxed elementor-section-height-default elementor-section-height-default\" data-id=\"f1d1fb2\" data-element_type=\"section\" data-e-type=\"section\">\n\t\t\t\t\t\t<div class=\"elementor-container elementor-column-gap-default\">\n\t\t\t\t\t<div class=\"elementor-column elementor-col-100 elementor-top-column elementor-element elementor-element-51d3204\" data-id=\"51d3204\" data-element_type=\"column\" data-e-type=\"column\">\n\t\t\t<div class=\"elementor-widget-wrap elementor-element-populated\">\n\t\t\t\t\t\t<div class=\"elementor-element elementor-element-42916a6 elementor-widget elementor-widget-spacer\" data-id=\"42916a6\" data-element_type=\"widget\" data-e-type=\"widget\" data-widget_type=\"spacer.default\">\n\t\t\t\t<div class=\"elementor-widget-container\">\n\t\t\t\t\t\t\t<div class=\"elementor-spacer\">\n\t\t\t<div class=\"elementor-spacer-inner\"><\/div>\n\t\t<\/div>\n\t\t\t\t\t\t<\/div>\n\t\t\t\t<\/div>\n\t\t\t\t<div class=\"elementor-element elementor-element-e2dc668 elementor-arrows-position-inside elementor-pagination-position-outside elementor-widget elementor-widget-image-carousel\" data-id=\"e2dc668\" data-element_type=\"widget\" data-e-type=\"widget\" data-settings=\"{&quot;slides_to_show&quot;:&quot;1&quot;,&quot;navigation&quot;:&quot;both&quot;,&quot;autoplay&quot;:&quot;yes&quot;,&quot;pause_on_hover&quot;:&quot;yes&quot;,&quot;pause_on_interaction&quot;:&quot;yes&quot;,&quot;autoplay_speed&quot;:5000,&quot;infinite&quot;:&quot;yes&quot;,&quot;effect&quot;:&quot;slide&quot;,&quot;speed&quot;:500}\" data-widget_type=\"image-carousel.default\">\n\t\t\t\t<div class=\"elementor-widget-container\">\n\t\t\t\t\t\t\t<div class=\"elementor-image-carousel-wrapper swiper\" role=\"region\" aria-roledescription=\"carousel\" aria-label=\"Carrossel de imagens\" dir=\"ltr\">\n\t\t\t<div class=\"elementor-image-carousel swiper-wrapper\" aria-live=\"off\">\n\t\t\t\t\t\t\t\t<div class=\"swiper-slide\" role=\"group\" aria-roledescription=\"slide\" aria-label=\"1 de 3\"><figure class=\"swiper-slide-inner\"><img decoding=\"async\" class=\"swiper-slide-image\" src=\"https:\/\/letter.app.br\/site\/wp-content\/uploads\/2024\/09\/Letter-Apresentacao-Pitch-Deck-1.pdf-image-007.jpg\" alt=\"Letter - Apresenta\u00e7\u00e3o Pitch Deck (1).pdf-image-007\" \/><\/figure><\/div><div class=\"swiper-slide\" role=\"group\" aria-roledescription=\"slide\" aria-label=\"2 de 3\"><figure class=\"swiper-slide-inner\"><img decoding=\"async\" class=\"swiper-slide-image\" src=\"https:\/\/letter.app.br\/site\/wp-content\/uploads\/2024\/09\/Letter-Apresentacao-Pitch-Deck-1.pdf-image-006.jpg\" alt=\"Letter - Apresenta\u00e7\u00e3o Pitch Deck (1).pdf-image-006\" \/><\/figure><\/div><div class=\"swiper-slide\" role=\"group\" aria-roledescription=\"slide\" aria-label=\"3 de 3\"><figure class=\"swiper-slide-inner\"><img decoding=\"async\" class=\"swiper-slide-image\" src=\"https:\/\/letter.app.br\/site\/wp-content\/uploads\/2024\/09\/Letter-Apresentacao-Pitch-Deck-1.pdf-image-008.jpg\" alt=\"Letter - Apresenta\u00e7\u00e3o Pitch Deck (1).pdf-image-008\" \/><\/figure><\/div>\t\t\t<\/div>\n\t\t\t\t\t\t\t\t\t\t\t\t<div class=\"elementor-swiper-button elementor-swiper-button-prev\" role=\"button\" tabindex=\"0\">\n\t\t\t\t\t\t<i aria-hidden=\"true\" class=\"eicon-chevron-left\"><\/i>\t\t\t\t\t<\/div>\n\t\t\t\t\t<div class=\"elementor-swiper-button elementor-swiper-button-next\" role=\"button\" tabindex=\"0\">\n\t\t\t\t\t\t<i aria-hidden=\"true\" class=\"eicon-chevron-right\"><\/i>\t\t\t\t\t<\/div>\n\t\t\t\t\n\t\t\t\t\t\t\t\t\t<div class=\"swiper-pagination\"><\/div>\n\t\t\t\t\t\t\t\t\t<\/div>\n\t\t\t\t\t\t<\/div>\n\t\t\t\t<\/div>\n\t\t\t\t\t<\/div>\n\t\t<\/div>\n\t\t\t\t\t<\/div>\n\t\t<\/section>\n\t\t\t\t<\/div>\n\t\t","protected":false},"excerpt":{"rendered":"<p>Letter Invest Voc\u00ea est\u00e1 procurando por uma oportunidade de investimento segura e rent\u00e1vel? Nossa oferta \u00e9 exclusiva e pode proporcionar..<\/p>\n","protected":false},"author":2,"featured_media":0,"parent":0,"menu_order":0,"comment_status":"closed","ping_status":"closed","template":"","meta":{"_coblocks_attr":"","_coblocks_dimensions":"","_coblocks_responsive_height":"","_coblocks_accordion_ie_support":"","footnotes":""},"class_list":["post-32445","page","type-page","status-publish","hentry"],"yoast_head":"<!-- This site is optimized with the Yoast SEO plugin v27.3 - https:\/\/yoast.com\/product\/yoast-seo-wordpress\/ -->\n<title>Lease Equity -<\/title>\n<meta name=\"description\" content=\"Na Letter Bank, oferecemos solu\u00e7\u00f5es inovadoras de financiamento, alavancagem e investimento.Aqui est\u00e3o os pontos principais:\" \/>\n<meta name=\"robots\" content=\"index, follow, max-snippet:-1, max-image-preview:large, max-video-preview:-1\" \/>\n<link rel=\"canonical\" href=\"https:\/\/letter.app.br\/site\/lease-equity\/\" \/>\n<meta property=\"og:locale\" content=\"pt_BR\" \/>\n<meta property=\"og:type\" content=\"article\" \/>\n<meta property=\"og:title\" content=\"Lease Equity -\" \/>\n<meta property=\"og:description\" content=\"Na Letter Bank, oferecemos solu\u00e7\u00f5es inovadoras de financiamento, alavancagem e investimento.Aqui est\u00e3o os pontos principais:\" \/>\n<meta property=\"og:url\" content=\"https:\/\/letter.app.br\/site\/lease-equity\/\" \/>\n<meta property=\"og:site_name\" content=\"Letter Cr\u00e9dito \u2013 Apps\" \/>\n<meta property=\"article:modified_time\" content=\"2025-02-14T18:43:06+00:00\" \/>\n<meta property=\"og:image\" content=\"https:\/\/letter.app.br\/site\/wp-content\/uploads\/2024\/09\/Letter-Apresentacao-Pitch-Deck-1.pdf-image-007.jpg\" \/>\n<meta name=\"twitter:card\" content=\"summary_large_image\" \/>\n<meta name=\"twitter:label1\" content=\"Est. tempo de leitura\" \/>\n\t<meta name=\"twitter:data1\" content=\"2 minutos\" \/>\n<script type=\"application\/ld+json\" class=\"yoast-schema-graph\">{\"@context\":\"https:\\\/\\\/schema.org\",\"@graph\":[{\"@type\":\"WebPage\",\"@id\":\"https:\\\/\\\/letter.app.br\\\/site\\\/lease-equity\\\/\",\"url\":\"https:\\\/\\\/letter.app.br\\\/site\\\/lease-equity\\\/\",\"name\":\"Lease Equity -\",\"isPartOf\":{\"@id\":\"https:\\\/\\\/letter.app.br\\\/site\\\/#website\"},\"primaryImageOfPage\":{\"@id\":\"https:\\\/\\\/letter.app.br\\\/site\\\/lease-equity\\\/#primaryimage\"},\"image\":{\"@id\":\"https:\\\/\\\/letter.app.br\\\/site\\\/lease-equity\\\/#primaryimage\"},\"thumbnailUrl\":\"https:\\\/\\\/letter.app.br\\\/site\\\/wp-content\\\/uploads\\\/2024\\\/09\\\/Letter-Apresentacao-Pitch-Deck-1.pdf-image-007.jpg\",\"datePublished\":\"2025-02-14T18:26:45+00:00\",\"dateModified\":\"2025-02-14T18:43:06+00:00\",\"description\":\"Na Letter Bank, oferecemos solu\u00e7\u00f5es inovadoras de financiamento, alavancagem e investimento.Aqui est\u00e3o os pontos principais:\",\"breadcrumb\":{\"@id\":\"https:\\\/\\\/letter.app.br\\\/site\\\/lease-equity\\\/#breadcrumb\"},\"inLanguage\":\"pt-BR\",\"potentialAction\":[{\"@type\":\"ReadAction\",\"target\":[\"https:\\\/\\\/letter.app.br\\\/site\\\/lease-equity\\\/\"]}]},{\"@type\":\"ImageObject\",\"inLanguage\":\"pt-BR\",\"@id\":\"https:\\\/\\\/letter.app.br\\\/site\\\/lease-equity\\\/#primaryimage\",\"url\":\"https:\\\/\\\/letter.app.br\\\/site\\\/wp-content\\\/uploads\\\/2024\\\/09\\\/Letter-Apresentacao-Pitch-Deck-1.pdf-image-007.jpg\",\"contentUrl\":\"https:\\\/\\\/letter.app.br\\\/site\\\/wp-content\\\/uploads\\\/2024\\\/09\\\/Letter-Apresentacao-Pitch-Deck-1.pdf-image-007.jpg\",\"width\":2048,\"height\":1152},{\"@type\":\"BreadcrumbList\",\"@id\":\"https:\\\/\\\/letter.app.br\\\/site\\\/lease-equity\\\/#breadcrumb\",\"itemListElement\":[{\"@type\":\"ListItem\",\"position\":1,\"name\":\"Home\",\"item\":\"https:\\\/\\\/letter.app.br\\\/site\\\/\"},{\"@type\":\"ListItem\",\"position\":2,\"name\":\"Lease Equity\"}]},{\"@type\":\"WebSite\",\"@id\":\"https:\\\/\\\/letter.app.br\\\/site\\\/#website\",\"url\":\"https:\\\/\\\/letter.app.br\\\/site\\\/\",\"name\":\"Letter Cr\u00e9dito \u2013 Apps\",\"description\":\"Marketplace de Cr\u00e9dito Contemplado do Brasil\",\"publisher\":{\"@id\":\"https:\\\/\\\/letter.app.br\\\/site\\\/#organization\"},\"potentialAction\":[{\"@type\":\"SearchAction\",\"target\":{\"@type\":\"EntryPoint\",\"urlTemplate\":\"https:\\\/\\\/letter.app.br\\\/site\\\/?s={search_term_string}\"},\"query-input\":{\"@type\":\"PropertyValueSpecification\",\"valueRequired\":true,\"valueName\":\"search_term_string\"}}],\"inLanguage\":\"pt-BR\"},{\"@type\":\"Organization\",\"@id\":\"https:\\\/\\\/letter.app.br\\\/site\\\/#organization\",\"name\":\"Letter Cr\u00e9dito \u2013 Apps\",\"url\":\"https:\\\/\\\/letter.app.br\\\/site\\\/\",\"logo\":{\"@type\":\"ImageObject\",\"inLanguage\":\"pt-BR\",\"@id\":\"https:\\\/\\\/letter.app.br\\\/site\\\/#\\\/schema\\\/logo\\\/image\\\/\",\"url\":\"https:\\\/\\\/letter.app.br\\\/site\\\/wp-content\\\/uploads\\\/2024\\\/04\\\/cropped-TwitterHeader.png\",\"contentUrl\":\"https:\\\/\\\/letter.app.br\\\/site\\\/wp-content\\\/uploads\\\/2024\\\/04\\\/cropped-TwitterHeader.png\",\"width\":1159,\"height\":361,\"caption\":\"Letter Cr\u00e9dito \u2013 Apps\"},\"image\":{\"@id\":\"https:\\\/\\\/letter.app.br\\\/site\\\/#\\\/schema\\\/logo\\\/image\\\/\"}}]}<\/script>\n<!-- \/ Yoast SEO plugin. -->","yoast_head_json":{"title":"Lease Equity -","description":"Na Letter Bank, oferecemos solu\u00e7\u00f5es inovadoras de financiamento, alavancagem e investimento.Aqui est\u00e3o os pontos principais:","robots":{"index":"index","follow":"follow","max-snippet":"max-snippet:-1","max-image-preview":"max-image-preview:large","max-video-preview":"max-video-preview:-1"},"canonical":"https:\/\/letter.app.br\/site\/lease-equity\/","og_locale":"pt_BR","og_type":"article","og_title":"Lease Equity -","og_description":"Na Letter Bank, oferecemos solu\u00e7\u00f5es inovadoras de financiamento, alavancagem e investimento.Aqui est\u00e3o os pontos principais:","og_url":"https:\/\/letter.app.br\/site\/lease-equity\/","og_site_name":"Letter Cr\u00e9dito \u2013 Apps","article_modified_time":"2025-02-14T18:43:06+00:00","og_image":[{"url":"https:\/\/letter.app.br\/site\/wp-content\/uploads\/2024\/09\/Letter-Apresentacao-Pitch-Deck-1.pdf-image-007.jpg","type":"","width":"","height":""}],"twitter_card":"summary_large_image","twitter_misc":{"Est. tempo de leitura":"2 minutos"},"schema":{"@context":"https:\/\/schema.org","@graph":[{"@type":"WebPage","@id":"https:\/\/letter.app.br\/site\/lease-equity\/","url":"https:\/\/letter.app.br\/site\/lease-equity\/","name":"Lease Equity -","isPartOf":{"@id":"https:\/\/letter.app.br\/site\/#website"},"primaryImageOfPage":{"@id":"https:\/\/letter.app.br\/site\/lease-equity\/#primaryimage"},"image":{"@id":"https:\/\/letter.app.br\/site\/lease-equity\/#primaryimage"},"thumbnailUrl":"https:\/\/letter.app.br\/site\/wp-content\/uploads\/2024\/09\/Letter-Apresentacao-Pitch-Deck-1.pdf-image-007.jpg","datePublished":"2025-02-14T18:26:45+00:00","dateModified":"2025-02-14T18:43:06+00:00","description":"Na Letter Bank, oferecemos solu\u00e7\u00f5es inovadoras de financiamento, alavancagem e investimento.Aqui est\u00e3o os pontos principais:","breadcrumb":{"@id":"https:\/\/letter.app.br\/site\/lease-equity\/#breadcrumb"},"inLanguage":"pt-BR","potentialAction":[{"@type":"ReadAction","target":["https:\/\/letter.app.br\/site\/lease-equity\/"]}]},{"@type":"ImageObject","inLanguage":"pt-BR","@id":"https:\/\/letter.app.br\/site\/lease-equity\/#primaryimage","url":"https:\/\/letter.app.br\/site\/wp-content\/uploads\/2024\/09\/Letter-Apresentacao-Pitch-Deck-1.pdf-image-007.jpg","contentUrl":"https:\/\/letter.app.br\/site\/wp-content\/uploads\/2024\/09\/Letter-Apresentacao-Pitch-Deck-1.pdf-image-007.jpg","width":2048,"height":1152},{"@type":"BreadcrumbList","@id":"https:\/\/letter.app.br\/site\/lease-equity\/#breadcrumb","itemListElement":[{"@type":"ListItem","position":1,"name":"Home","item":"https:\/\/letter.app.br\/site\/"},{"@type":"ListItem","position":2,"name":"Lease Equity"}]},{"@type":"WebSite","@id":"https:\/\/letter.app.br\/site\/#website","url":"https:\/\/letter.app.br\/site\/","name":"Letter Cr\u00e9dito \u2013 Apps","description":"Marketplace de Cr\u00e9dito Contemplado do Brasil","publisher":{"@id":"https:\/\/letter.app.br\/site\/#organization"},"potentialAction":[{"@type":"SearchAction","target":{"@type":"EntryPoint","urlTemplate":"https:\/\/letter.app.br\/site\/?s={search_term_string}"},"query-input":{"@type":"PropertyValueSpecification","valueRequired":true,"valueName":"search_term_string"}}],"inLanguage":"pt-BR"},{"@type":"Organization","@id":"https:\/\/letter.app.br\/site\/#organization","name":"Letter Cr\u00e9dito \u2013 Apps","url":"https:\/\/letter.app.br\/site\/","logo":{"@type":"ImageObject","inLanguage":"pt-BR","@id":"https:\/\/letter.app.br\/site\/#\/schema\/logo\/image\/","url":"https:\/\/letter.app.br\/site\/wp-content\/uploads\/2024\/04\/cropped-TwitterHeader.png","contentUrl":"https:\/\/letter.app.br\/site\/wp-content\/uploads\/2024\/04\/cropped-TwitterHeader.png","width":1159,"height":361,"caption":"Letter Cr\u00e9dito \u2013 Apps"},"image":{"@id":"https:\/\/letter.app.br\/site\/#\/schema\/logo\/image\/"}}]}},"_links":{"self":[{"href":"https:\/\/letter.app.br\/site\/wp-json\/wp\/v2\/pages\/32445","targetHints":{"allow":["GET"]}}],"collection":[{"href":"https:\/\/letter.app.br\/site\/wp-json\/wp\/v2\/pages"}],"about":[{"href":"https:\/\/letter.app.br\/site\/wp-json\/wp\/v2\/types\/page"}],"author":[{"embeddable":true,"href":"https:\/\/letter.app.br\/site\/wp-json\/wp\/v2\/users\/2"}],"replies":[{"embeddable":true,"href":"https:\/\/letter.app.br\/site\/wp-json\/wp\/v2\/comments?post=32445"}],"version-history":[{"count":5,"href":"https:\/\/letter.app.br\/site\/wp-json\/wp\/v2\/pages\/32445\/revisions"}],"predecessor-version":[{"id":32451,"href":"https:\/\/letter.app.br\/site\/wp-json\/wp\/v2\/pages\/32445\/revisions\/32451"}],"wp:attachment":[{"href":"https:\/\/letter.app.br\/site\/wp-json\/wp\/v2\/media?parent=32445"}],"curies":[{"name":"wp","href":"https:\/\/api.w.org\/{rel}","templated":true}]}}