{"id":32433,"date":"2025-02-14T14:33:51","date_gmt":"2025-02-14T17:33:51","guid":{"rendered":"https:\/\/letter.app.br\/site\/?page_id=32433"},"modified":"2025-02-14T15:12:09","modified_gmt":"2025-02-14T18:12:09","slug":"letter-invest","status":"publish","type":"page","link":"https:\/\/letter.app.br\/site\/letter-invest\/","title":{"rendered":"Letter Invest"},"content":{"rendered":"\t\t<div data-elementor-type=\"wp-page\" data-elementor-id=\"32433\" class=\"elementor elementor-32433\">\n\t\t\t\t\t\t<section class=\"elementor-section elementor-top-section elementor-element elementor-element-de560f0 elementor-section-content-middle elementor-section-stretched elementor-section-boxed elementor-section-height-default elementor-section-height-default\" data-id=\"de560f0\" data-element_type=\"section\" data-e-type=\"section\" data-settings=\"{&quot;stretch_section&quot;:&quot;section-stretched&quot;,&quot;background_background&quot;:&quot;classic&quot;}\">\n\t\t\t\t\t\t<div class=\"elementor-container elementor-column-gap-default\">\n\t\t\t\t\t<div class=\"elementor-column elementor-col-100 elementor-top-column elementor-element elementor-element-11ddc86\" data-id=\"11ddc86\" data-element_type=\"column\" data-e-type=\"column\">\n\t\t\t<div class=\"elementor-widget-wrap\">\n\t\t\t\t\t\t\t<\/div>\n\t\t<\/div>\n\t\t\t\t\t<\/div>\n\t\t<\/section>\n\t\t\t\t<section data-cea-float=\"[{&quot;float_title&quot;:&quot;Floating Image&quot;,&quot;float_img&quot;:&quot;https:\\\/\\\/wordpress.zozothemes.com\\\/gigas\\\/wp-content\\\/uploads\\\/sites\\\/5\\\/2023\\\/01\\\/arrow-type-1.png&quot;,&quot;float_left&quot;:&quot;72&quot;,&quot;float_top&quot;:&quot;73&quot;,&quot;float_distance&quot;:&quot;100&quot;,&quot;float_animation&quot;:&quot;1&quot;,&quot;float_mouse&quot;:&quot;0&quot;,&quot;float_width&quot;:&quot;200px&quot;}]\" class=\"elementor-section elementor-top-section elementor-element elementor-element-b9da87b elementor-section-stretched elementor-section-boxed elementor-section-height-default elementor-section-height-default\" data-id=\"b9da87b\" data-element_type=\"section\" data-e-type=\"section\" data-settings=\"{&quot;stretch_section&quot;:&quot;section-stretched&quot;,&quot;background_background&quot;:&quot;classic&quot;}\">\n\t\t\t\t\t\t\t<div class=\"elementor-background-overlay\"><\/div>\n\t\t\t\t\t\t\t<div class=\"elementor-container elementor-column-gap-extended\">\n\t\t\t\t\t<div class=\"elementor-column elementor-col-100 elementor-top-column elementor-element elementor-element-22b576a\" data-id=\"22b576a\" data-element_type=\"column\" data-e-type=\"column\">\n\t\t\t<div class=\"elementor-widget-wrap\">\n\t\t\t\t\t\t\t<\/div>\n\t\t<\/div>\n\t\t\t\t\t<\/div>\n\t\t<\/section>\n\t\t\t\t<section class=\"elementor-section elementor-top-section elementor-element elementor-element-78c8be4 elementor-section-boxed elementor-section-height-default elementor-section-height-default\" data-id=\"78c8be4\" data-element_type=\"section\" data-e-type=\"section\">\n\t\t\t\t\t\t<div class=\"elementor-container elementor-column-gap-default\">\n\t\t\t\t\t<div class=\"elementor-column elementor-col-100 elementor-top-column elementor-element elementor-element-f1756c6\" data-id=\"f1756c6\" data-element_type=\"column\" data-e-type=\"column\">\n\t\t\t<div class=\"elementor-widget-wrap elementor-element-populated\">\n\t\t\t\t\t\t<div class=\"elementor-element elementor-element-c313cbf elementor-widget elementor-widget-spacer\" data-id=\"c313cbf\" data-element_type=\"widget\" data-e-type=\"widget\" data-widget_type=\"spacer.default\">\n\t\t\t\t<div class=\"elementor-widget-container\">\n\t\t\t\t\t\t\t<div class=\"elementor-spacer\">\n\t\t\t<div class=\"elementor-spacer-inner\"><\/div>\n\t\t<\/div>\n\t\t\t\t\t\t<\/div>\n\t\t\t\t<\/div>\n\t\t\t\t<div class=\"elementor-element elementor-element-c7e0588 cea-align-left elementor-widget elementor-widget-ceasectiontitle\" data-id=\"c7e0588\" data-element_type=\"widget\" data-e-type=\"widget\" data-widget_type=\"ceasectiontitle.default\">\n\t\t\t\t<div class=\"elementor-widget-container\">\n\t\t\t\t\t<div class=\"section-title-wrapper\"><div class=\"title-wrap\"><h4 class=\"section-title\">Letter Invest<\/h4><\/div><!-- .title-wrap --><div class=\"section-description\"><\/div><!-- .section-description --><\/div><!-- .section-title-wrapper -->\t\t\t\t<\/div>\n\t\t\t\t<\/div>\n\t\t\t\t<div class=\"elementor-element elementor-element-a374a9a elementor-widget elementor-widget-text-editor\" data-id=\"a374a9a\" data-element_type=\"widget\" data-e-type=\"widget\" data-widget_type=\"text-editor.default\">\n\t\t\t\t<div class=\"elementor-widget-container\">\n\t\t\t\t\t\t\t\t\t<p>Voc\u00ea est\u00e1 procurando por uma oportunidade de investimento segura e rent\u00e1vel? Nossa oferta \u00e9 exclusiva e pode proporcionar um retorno de at\u00e9 20% em apenas 120 dias.<\/p><p><span style=\"color: #3366ff;\"><strong>Detalhes do Investimento<\/strong><\/span><\/p><p>&#8211; Retorno (Spread) de at\u00e9 20%<br \/>&#8211; Prazo de retorno do investimento: at\u00e9 120 dias<br \/>&#8211; Risco controlado e minimizado com garantia imobili\u00e1ria <br \/>&#8211; Oportunidade exclusiva para investidores selecionados<\/p><p><span style=\"color: #3366ff;\"><strong>Por que investir conosco?<\/strong><\/span><\/p><p>&#8211; Nossa equipe \u00e9 especializada em gest\u00e3o de investimentos<br \/>&#8211; Nossa estrat\u00e9gia \u00e9 baseada em an\u00e1lises rigorosas e atualizadas<br \/>&#8211; Nossa prioridade \u00e9 a seguran\u00e7a e o sucesso dos nossos investidores<\/p><p><span style=\"color: #3366ff;\"><strong>N\u00e3o perca essa oportunidade!<\/strong><\/span><\/p><p>Entre em contato conosco agora mesmo atrav\u00e9s do link abaixo para saber mais sobre essa oportunidade exclusiva. N\u00e3o perca a chance de aumentar seu patrim\u00f4nio com um retorno atraente e seguro.<\/p>\t\t\t\t\t\t\t\t<\/div>\n\t\t\t\t<\/div>\n\t\t\t\t<div class=\"elementor-element elementor-element-f40cd20 elementor-widget elementor-widget-spacer\" data-id=\"f40cd20\" data-element_type=\"widget\" data-e-type=\"widget\" data-widget_type=\"spacer.default\">\n\t\t\t\t<div class=\"elementor-widget-container\">\n\t\t\t\t\t\t\t<div class=\"elementor-spacer\">\n\t\t\t<div class=\"elementor-spacer-inner\"><\/div>\n\t\t<\/div>\n\t\t\t\t\t\t<\/div>\n\t\t\t\t<\/div>\n\t\t\t\t\t<\/div>\n\t\t<\/div>\n\t\t\t\t\t<\/div>\n\t\t<\/section>\n\t\t\t\t<section class=\"elementor-section elementor-top-section elementor-element elementor-element-d77a3fa elementor-section-boxed elementor-section-height-default elementor-section-height-default\" data-id=\"d77a3fa\" data-element_type=\"section\" data-e-type=\"section\">\n\t\t\t\t\t\t<div class=\"elementor-container elementor-column-gap-default\">\n\t\t\t\t\t<div class=\"elementor-column elementor-col-50 elementor-top-column elementor-element elementor-element-c871ba4\" data-id=\"c871ba4\" data-element_type=\"column\" data-e-type=\"column\">\n\t\t\t<div class=\"elementor-widget-wrap elementor-element-populated\">\n\t\t\t\t\t\t<div class=\"elementor-element elementor-element-82b1697 animated-fast elementor-invisible elementor-widget elementor-widget-ceasectiontitle\" data-id=\"82b1697\" data-element_type=\"widget\" data-e-type=\"widget\" data-settings=\"{&quot;_animation&quot;:&quot;fadeInUp&quot;}\" data-widget_type=\"ceasectiontitle.default\">\n\t\t\t\t<div class=\"elementor-widget-container\">\n\t\t\t\t\t<div class=\"section-title-wrapper\"><div class=\"title-wrap\"><h4 class=\"section-title\">Letter Invest<\/h4><\/div><!-- .title-wrap --><div class=\"section-description\"><\/div><!-- .section-description --><\/div><!-- .section-title-wrapper -->\t\t\t\t<\/div>\n\t\t\t\t<\/div>\n\t\t\t\t<div class=\"elementor-element elementor-element-1d9dfa2 elementor-widget elementor-widget-text-editor\" data-id=\"1d9dfa2\" data-element_type=\"widget\" data-e-type=\"widget\" data-widget_type=\"text-editor.default\">\n\t\t\t\t<div class=\"elementor-widget-container\">\n\t\t\t\t\t\t\t\t\t<p><span style=\"color: #202124; font-family: Roboto, Arial, sans-serif; font-size: 14.6667px; white-space-collapse: preserve;\">Voc\u00ea est\u00e1 procurando por uma oportunidade de investimento segura e rent\u00e1vel? Nossa oferta \u00e9 exclusiva e pode proporcionar um retorno de at\u00e9 20% em apenas 120 dias.<\/span><\/p><div style=\"color: #202124; font-family: Roboto, Arial, sans-serif; font-size: 14.6667px; white-space-collapse: preserve;\">\u00a0<\/div><div style=\"color: #202124; font-family: Roboto, Arial, sans-serif; font-size: 14.6667px; white-space-collapse: preserve;\"><p><b>Detalhes do Investimento<\/b><\/p><p>&#8211; Retorno (Spread) de <b>at\u00e9 20%<\/b><br \/>&#8211; Prazo de retorno do investimento: <b>at\u00e9 120 dias<\/b><br \/>&#8211; Risco controlado e minimizado com <b>GARANTIA IMOBILI\u00c1RIA<\/b><br \/><br \/><\/p><\/div>\t\t\t\t\t\t\t\t<\/div>\n\t\t\t\t<\/div>\n\t\t\t\t\t<\/div>\n\t\t<\/div>\n\t\t\t\t<div class=\"elementor-column elementor-col-50 elementor-top-column elementor-element elementor-element-ea64eda\" data-id=\"ea64eda\" data-element_type=\"column\" data-e-type=\"column\" data-settings=\"{&quot;background_background&quot;:&quot;classic&quot;}\">\n\t\t\t<div class=\"elementor-widget-wrap elementor-element-populated\">\n\t\t\t\t\t<div class=\"elementor-background-overlay\"><\/div>\n\t\t\t\t\t\t<div class=\"elementor-element elementor-element-3ff6a96 elementor-widget elementor-widget-spacer\" data-id=\"3ff6a96\" data-element_type=\"widget\" data-e-type=\"widget\" data-widget_type=\"spacer.default\">\n\t\t\t\t<div class=\"elementor-widget-container\">\n\t\t\t\t\t\t\t<div class=\"elementor-spacer\">\n\t\t\t<div class=\"elementor-spacer-inner\"><\/div>\n\t\t<\/div>\n\t\t\t\t\t\t<\/div>\n\t\t\t\t<\/div>\n\t\t\t\t<div class=\"elementor-element elementor-element-7cf8a52 animated-fast cea-tablet-align-center elementor-widget__width-initial cea-align-center elementor-invisible elementor-widget elementor-widget-ceasectiontitle\" data-id=\"7cf8a52\" data-element_type=\"widget\" data-e-type=\"widget\" data-settings=\"{&quot;_animation&quot;:&quot;fadeInUp&quot;}\" data-widget_type=\"ceasectiontitle.default\">\n\t\t\t\t<div class=\"elementor-widget-container\">\n\t\t\t\t\t<div class=\"section-title-wrapper title-theme\"><div class=\"title-wrap\"><h6 class=\"section-title\"><span class=\"title-prefix\">Oportunidade exclusiva para investidores selecionados<\/span> <\/h6><\/div><!-- .title-wrap --><div class=\"section-description\"><\/div><!-- .section-description --><\/div><!-- .section-title-wrapper -->\t\t\t\t<\/div>\n\t\t\t\t<\/div>\n\t\t\t\t<div class=\"elementor-element elementor-element-68d8d27 elementor-widget elementor-widget-spacer\" data-id=\"68d8d27\" data-element_type=\"widget\" data-e-type=\"widget\" data-widget_type=\"spacer.default\">\n\t\t\t\t<div class=\"elementor-widget-container\">\n\t\t\t\t\t\t\t<div class=\"elementor-spacer\">\n\t\t\t<div class=\"elementor-spacer-inner\"><\/div>\n\t\t<\/div>\n\t\t\t\t\t\t<\/div>\n\t\t\t\t<\/div>\n\t\t\t\t<div class=\"elementor-element elementor-element-e7013ce cea-btn-align-center cea-btn-tablet-align-center elementor-invisible elementor-widget elementor-widget-ceabutton\" data-id=\"e7013ce\" data-element_type=\"widget\" data-e-type=\"widget\" data-settings=\"{&quot;_animation&quot;:&quot;fadeInUp&quot;}\" data-widget_type=\"ceabutton.default\">\n\t\t\t\t<div class=\"elementor-widget-container cea-button-wrapper\">\r\n\t\t\t\t\t<div class=\"cea-button-wrapper\">\r\n\t\t\t<a href=\"https:\/\/docs.google.com\/forms\/d\/1rvLPWPqOFevMCJJlfC1kna8un93HMk47xkaVs6tPuHc\/viewform?hl=pt-br&#038;hl=pt-br&#038;edit_requested=true\" class=\"cea-button-link elementor-button cea-button elementor-size-lg\">\r\n\t\t\t\t\t\t<span class=\"cea-button-content-wrapper\">\r\n\t\t\t\t\t\t<span class=\"cea-button-icon cea-align-icon-\">\r\n\t\t\t\t\t\t\t<\/span>\r\n\t\t\t\t\t\t<span class=\"cea-button-text\">Solicite Aqui.<\/span>\r\n\t\t<\/span>\r\n\t\t\t\t\t<\/a>\r\n\t\t<\/div>\r\n\t\t\t\t<\/div>\r\n\t\t\t\t<\/div>\n\t\t\t\t\t<\/div>\n\t\t<\/div>\n\t\t\t\t\t<\/div>\n\t\t<\/section>\n\t\t\t\t<section class=\"elementor-section elementor-top-section elementor-element elementor-element-f1d1fb2 elementor-section-boxed elementor-section-height-default elementor-section-height-default\" data-id=\"f1d1fb2\" data-element_type=\"section\" data-e-type=\"section\">\n\t\t\t\t\t\t<div class=\"elementor-container elementor-column-gap-default\">\n\t\t\t\t\t<div class=\"elementor-column elementor-col-100 elementor-top-column elementor-element elementor-element-51d3204\" data-id=\"51d3204\" data-element_type=\"column\" data-e-type=\"column\">\n\t\t\t<div class=\"elementor-widget-wrap elementor-element-populated\">\n\t\t\t\t\t\t<div class=\"elementor-element elementor-element-42916a6 elementor-widget elementor-widget-spacer\" data-id=\"42916a6\" data-element_type=\"widget\" data-e-type=\"widget\" data-widget_type=\"spacer.default\">\n\t\t\t\t<div class=\"elementor-widget-container\">\n\t\t\t\t\t\t\t<div class=\"elementor-spacer\">\n\t\t\t<div class=\"elementor-spacer-inner\"><\/div>\n\t\t<\/div>\n\t\t\t\t\t\t<\/div>\n\t\t\t\t<\/div>\n\t\t\t\t<div class=\"elementor-element elementor-element-e2dc668 elementor-arrows-position-inside elementor-pagination-position-outside elementor-widget elementor-widget-image-carousel\" data-id=\"e2dc668\" data-element_type=\"widget\" data-e-type=\"widget\" data-settings=\"{&quot;slides_to_show&quot;:&quot;1&quot;,&quot;navigation&quot;:&quot;both&quot;,&quot;autoplay&quot;:&quot;yes&quot;,&quot;pause_on_hover&quot;:&quot;yes&quot;,&quot;pause_on_interaction&quot;:&quot;yes&quot;,&quot;autoplay_speed&quot;:5000,&quot;infinite&quot;:&quot;yes&quot;,&quot;effect&quot;:&quot;slide&quot;,&quot;speed&quot;:500}\" data-widget_type=\"image-carousel.default\">\n\t\t\t\t<div class=\"elementor-widget-container\">\n\t\t\t\t\t\t\t<div class=\"elementor-image-carousel-wrapper swiper\" role=\"region\" aria-roledescription=\"carousel\" aria-label=\"Carrossel de imagens\" dir=\"ltr\">\n\t\t\t<div class=\"elementor-image-carousel swiper-wrapper\" aria-live=\"off\">\n\t\t\t\t\t\t\t\t<div class=\"swiper-slide\" role=\"group\" aria-roledescription=\"slide\" aria-label=\"1 de 3\"><figure class=\"swiper-slide-inner\"><img decoding=\"async\" class=\"swiper-slide-image\" src=\"https:\/\/letter.app.br\/site\/wp-content\/uploads\/2024\/09\/Letter-Apresentacao-Pitch-Deck-1.pdf-image-007.jpg\" alt=\"Letter - Apresenta\u00e7\u00e3o Pitch Deck (1).pdf-image-007\" \/><\/figure><\/div><div class=\"swiper-slide\" role=\"group\" aria-roledescription=\"slide\" aria-label=\"2 de 3\"><figure class=\"swiper-slide-inner\"><img decoding=\"async\" class=\"swiper-slide-image\" src=\"https:\/\/letter.app.br\/site\/wp-content\/uploads\/2024\/09\/Letter-Apresentacao-Pitch-Deck-1.pdf-image-006.jpg\" alt=\"Letter - Apresenta\u00e7\u00e3o Pitch Deck (1).pdf-image-006\" \/><\/figure><\/div><div class=\"swiper-slide\" role=\"group\" aria-roledescription=\"slide\" aria-label=\"3 de 3\"><figure class=\"swiper-slide-inner\"><img decoding=\"async\" class=\"swiper-slide-image\" src=\"https:\/\/letter.app.br\/site\/wp-content\/uploads\/2024\/09\/Letter-Apresentacao-Pitch-Deck-1.pdf-image-008.jpg\" alt=\"Letter - Apresenta\u00e7\u00e3o Pitch Deck (1).pdf-image-008\" \/><\/figure><\/div>\t\t\t<\/div>\n\t\t\t\t\t\t\t\t\t\t\t\t<div class=\"elementor-swiper-button elementor-swiper-button-prev\" role=\"button\" tabindex=\"0\">\n\t\t\t\t\t\t<i aria-hidden=\"true\" class=\"eicon-chevron-left\"><\/i>\t\t\t\t\t<\/div>\n\t\t\t\t\t<div class=\"elementor-swiper-button elementor-swiper-button-next\" role=\"button\" tabindex=\"0\">\n\t\t\t\t\t\t<i aria-hidden=\"true\" class=\"eicon-chevron-right\"><\/i>\t\t\t\t\t<\/div>\n\t\t\t\t\n\t\t\t\t\t\t\t\t\t<div class=\"swiper-pagination\"><\/div>\n\t\t\t\t\t\t\t\t\t<\/div>\n\t\t\t\t\t\t<\/div>\n\t\t\t\t<\/div>\n\t\t\t\t\t<\/div>\n\t\t<\/div>\n\t\t\t\t\t<\/div>\n\t\t<\/section>\n\t\t\t\t<\/div>\n\t\t","protected":false},"excerpt":{"rendered":"<p>Letter Invest Voc\u00ea est\u00e1 procurando por uma oportunidade de investimento segura e rent\u00e1vel? Nossa oferta \u00e9 exclusiva e pode proporcionar..<\/p>\n","protected":false},"author":2,"featured_media":0,"parent":0,"menu_order":0,"comment_status":"closed","ping_status":"closed","template":"","meta":{"_coblocks_attr":"","_coblocks_dimensions":"","_coblocks_responsive_height":"","_coblocks_accordion_ie_support":"","footnotes":""},"class_list":["post-32433","page","type-page","status-publish","hentry"],"yoast_head":"<!-- This site is optimized with the Yoast SEO plugin v27.3 - https:\/\/yoast.com\/product\/yoast-seo-wordpress\/ -->\n<title>Letter Invest -<\/title>\n<meta name=\"description\" content=\"Voc\u00ea est\u00e1 procurando por uma oportunidade de investimento segura e rent\u00e1vel? Nossa oferta \u00e9 exclusiva e pode proporcionar um retorno\" \/>\n<meta name=\"robots\" content=\"index, follow, max-snippet:-1, max-image-preview:large, max-video-preview:-1\" \/>\n<link rel=\"canonical\" href=\"https:\/\/letter.app.br\/site\/letter-invest\/\" \/>\n<meta property=\"og:locale\" content=\"pt_BR\" \/>\n<meta property=\"og:type\" content=\"article\" \/>\n<meta property=\"og:title\" content=\"Letter Invest -\" \/>\n<meta property=\"og:description\" content=\"Voc\u00ea est\u00e1 procurando por uma oportunidade de investimento segura e rent\u00e1vel? Nossa oferta \u00e9 exclusiva e pode proporcionar um retorno\" \/>\n<meta property=\"og:url\" content=\"https:\/\/letter.app.br\/site\/letter-invest\/\" \/>\n<meta property=\"og:site_name\" content=\"Letter Cr\u00e9dito \u2013 Apps\" \/>\n<meta property=\"article:modified_time\" content=\"2025-02-14T18:12:09+00:00\" \/>\n<meta property=\"og:image\" content=\"https:\/\/letter.app.br\/site\/wp-content\/uploads\/2024\/09\/Letter-Apresentacao-Pitch-Deck-1.pdf-image-007.jpg\" \/>\n<meta name=\"twitter:card\" content=\"summary_large_image\" \/>\n<meta name=\"twitter:label1\" content=\"Est. tempo de leitura\" \/>\n\t<meta name=\"twitter:data1\" content=\"2 minutos\" \/>\n<script type=\"application\/ld+json\" class=\"yoast-schema-graph\">{\"@context\":\"https:\\\/\\\/schema.org\",\"@graph\":[{\"@type\":\"WebPage\",\"@id\":\"https:\\\/\\\/letter.app.br\\\/site\\\/letter-invest\\\/\",\"url\":\"https:\\\/\\\/letter.app.br\\\/site\\\/letter-invest\\\/\",\"name\":\"Letter Invest -\",\"isPartOf\":{\"@id\":\"https:\\\/\\\/letter.app.br\\\/site\\\/#website\"},\"primaryImageOfPage\":{\"@id\":\"https:\\\/\\\/letter.app.br\\\/site\\\/letter-invest\\\/#primaryimage\"},\"image\":{\"@id\":\"https:\\\/\\\/letter.app.br\\\/site\\\/letter-invest\\\/#primaryimage\"},\"thumbnailUrl\":\"https:\\\/\\\/letter.app.br\\\/site\\\/wp-content\\\/uploads\\\/2024\\\/09\\\/Letter-Apresentacao-Pitch-Deck-1.pdf-image-007.jpg\",\"datePublished\":\"2025-02-14T17:33:51+00:00\",\"dateModified\":\"2025-02-14T18:12:09+00:00\",\"description\":\"Voc\u00ea est\u00e1 procurando por uma oportunidade de investimento segura e rent\u00e1vel? Nossa oferta \u00e9 exclusiva e pode proporcionar um retorno\",\"breadcrumb\":{\"@id\":\"https:\\\/\\\/letter.app.br\\\/site\\\/letter-invest\\\/#breadcrumb\"},\"inLanguage\":\"pt-BR\",\"potentialAction\":[{\"@type\":\"ReadAction\",\"target\":[\"https:\\\/\\\/letter.app.br\\\/site\\\/letter-invest\\\/\"]}]},{\"@type\":\"ImageObject\",\"inLanguage\":\"pt-BR\",\"@id\":\"https:\\\/\\\/letter.app.br\\\/site\\\/letter-invest\\\/#primaryimage\",\"url\":\"https:\\\/\\\/letter.app.br\\\/site\\\/wp-content\\\/uploads\\\/2024\\\/09\\\/Letter-Apresentacao-Pitch-Deck-1.pdf-image-007.jpg\",\"contentUrl\":\"https:\\\/\\\/letter.app.br\\\/site\\\/wp-content\\\/uploads\\\/2024\\\/09\\\/Letter-Apresentacao-Pitch-Deck-1.pdf-image-007.jpg\",\"width\":2048,\"height\":1152},{\"@type\":\"BreadcrumbList\",\"@id\":\"https:\\\/\\\/letter.app.br\\\/site\\\/letter-invest\\\/#breadcrumb\",\"itemListElement\":[{\"@type\":\"ListItem\",\"position\":1,\"name\":\"Home\",\"item\":\"https:\\\/\\\/letter.app.br\\\/site\\\/\"},{\"@type\":\"ListItem\",\"position\":2,\"name\":\"Letter Invest\"}]},{\"@type\":\"WebSite\",\"@id\":\"https:\\\/\\\/letter.app.br\\\/site\\\/#website\",\"url\":\"https:\\\/\\\/letter.app.br\\\/site\\\/\",\"name\":\"Letter Cr\u00e9dito \u2013 Apps\",\"description\":\"Marketplace de Cr\u00e9dito Contemplado do Brasil\",\"publisher\":{\"@id\":\"https:\\\/\\\/letter.app.br\\\/site\\\/#organization\"},\"potentialAction\":[{\"@type\":\"SearchAction\",\"target\":{\"@type\":\"EntryPoint\",\"urlTemplate\":\"https:\\\/\\\/letter.app.br\\\/site\\\/?s={search_term_string}\"},\"query-input\":{\"@type\":\"PropertyValueSpecification\",\"valueRequired\":true,\"valueName\":\"search_term_string\"}}],\"inLanguage\":\"pt-BR\"},{\"@type\":\"Organization\",\"@id\":\"https:\\\/\\\/letter.app.br\\\/site\\\/#organization\",\"name\":\"Letter Cr\u00e9dito \u2013 Apps\",\"url\":\"https:\\\/\\\/letter.app.br\\\/site\\\/\",\"logo\":{\"@type\":\"ImageObject\",\"inLanguage\":\"pt-BR\",\"@id\":\"https:\\\/\\\/letter.app.br\\\/site\\\/#\\\/schema\\\/logo\\\/image\\\/\",\"url\":\"https:\\\/\\\/letter.app.br\\\/site\\\/wp-content\\\/uploads\\\/2024\\\/04\\\/cropped-TwitterHeader.png\",\"contentUrl\":\"https:\\\/\\\/letter.app.br\\\/site\\\/wp-content\\\/uploads\\\/2024\\\/04\\\/cropped-TwitterHeader.png\",\"width\":1159,\"height\":361,\"caption\":\"Letter Cr\u00e9dito \u2013 Apps\"},\"image\":{\"@id\":\"https:\\\/\\\/letter.app.br\\\/site\\\/#\\\/schema\\\/logo\\\/image\\\/\"}}]}<\/script>\n<!-- \/ Yoast SEO plugin. -->","yoast_head_json":{"title":"Letter Invest -","description":"Voc\u00ea est\u00e1 procurando por uma oportunidade de investimento segura e rent\u00e1vel? Nossa oferta \u00e9 exclusiva e pode proporcionar um retorno","robots":{"index":"index","follow":"follow","max-snippet":"max-snippet:-1","max-image-preview":"max-image-preview:large","max-video-preview":"max-video-preview:-1"},"canonical":"https:\/\/letter.app.br\/site\/letter-invest\/","og_locale":"pt_BR","og_type":"article","og_title":"Letter Invest -","og_description":"Voc\u00ea est\u00e1 procurando por uma oportunidade de investimento segura e rent\u00e1vel? Nossa oferta \u00e9 exclusiva e pode proporcionar um retorno","og_url":"https:\/\/letter.app.br\/site\/letter-invest\/","og_site_name":"Letter Cr\u00e9dito \u2013 Apps","article_modified_time":"2025-02-14T18:12:09+00:00","og_image":[{"url":"https:\/\/letter.app.br\/site\/wp-content\/uploads\/2024\/09\/Letter-Apresentacao-Pitch-Deck-1.pdf-image-007.jpg","type":"","width":"","height":""}],"twitter_card":"summary_large_image","twitter_misc":{"Est. tempo de leitura":"2 minutos"},"schema":{"@context":"https:\/\/schema.org","@graph":[{"@type":"WebPage","@id":"https:\/\/letter.app.br\/site\/letter-invest\/","url":"https:\/\/letter.app.br\/site\/letter-invest\/","name":"Letter Invest -","isPartOf":{"@id":"https:\/\/letter.app.br\/site\/#website"},"primaryImageOfPage":{"@id":"https:\/\/letter.app.br\/site\/letter-invest\/#primaryimage"},"image":{"@id":"https:\/\/letter.app.br\/site\/letter-invest\/#primaryimage"},"thumbnailUrl":"https:\/\/letter.app.br\/site\/wp-content\/uploads\/2024\/09\/Letter-Apresentacao-Pitch-Deck-1.pdf-image-007.jpg","datePublished":"2025-02-14T17:33:51+00:00","dateModified":"2025-02-14T18:12:09+00:00","description":"Voc\u00ea est\u00e1 procurando por uma oportunidade de investimento segura e rent\u00e1vel? Nossa oferta \u00e9 exclusiva e pode proporcionar um retorno","breadcrumb":{"@id":"https:\/\/letter.app.br\/site\/letter-invest\/#breadcrumb"},"inLanguage":"pt-BR","potentialAction":[{"@type":"ReadAction","target":["https:\/\/letter.app.br\/site\/letter-invest\/"]}]},{"@type":"ImageObject","inLanguage":"pt-BR","@id":"https:\/\/letter.app.br\/site\/letter-invest\/#primaryimage","url":"https:\/\/letter.app.br\/site\/wp-content\/uploads\/2024\/09\/Letter-Apresentacao-Pitch-Deck-1.pdf-image-007.jpg","contentUrl":"https:\/\/letter.app.br\/site\/wp-content\/uploads\/2024\/09\/Letter-Apresentacao-Pitch-Deck-1.pdf-image-007.jpg","width":2048,"height":1152},{"@type":"BreadcrumbList","@id":"https:\/\/letter.app.br\/site\/letter-invest\/#breadcrumb","itemListElement":[{"@type":"ListItem","position":1,"name":"Home","item":"https:\/\/letter.app.br\/site\/"},{"@type":"ListItem","position":2,"name":"Letter Invest"}]},{"@type":"WebSite","@id":"https:\/\/letter.app.br\/site\/#website","url":"https:\/\/letter.app.br\/site\/","name":"Letter Cr\u00e9dito \u2013 Apps","description":"Marketplace de Cr\u00e9dito Contemplado do Brasil","publisher":{"@id":"https:\/\/letter.app.br\/site\/#organization"},"potentialAction":[{"@type":"SearchAction","target":{"@type":"EntryPoint","urlTemplate":"https:\/\/letter.app.br\/site\/?s={search_term_string}"},"query-input":{"@type":"PropertyValueSpecification","valueRequired":true,"valueName":"search_term_string"}}],"inLanguage":"pt-BR"},{"@type":"Organization","@id":"https:\/\/letter.app.br\/site\/#organization","name":"Letter Cr\u00e9dito \u2013 Apps","url":"https:\/\/letter.app.br\/site\/","logo":{"@type":"ImageObject","inLanguage":"pt-BR","@id":"https:\/\/letter.app.br\/site\/#\/schema\/logo\/image\/","url":"https:\/\/letter.app.br\/site\/wp-content\/uploads\/2024\/04\/cropped-TwitterHeader.png","contentUrl":"https:\/\/letter.app.br\/site\/wp-content\/uploads\/2024\/04\/cropped-TwitterHeader.png","width":1159,"height":361,"caption":"Letter Cr\u00e9dito \u2013 Apps"},"image":{"@id":"https:\/\/letter.app.br\/site\/#\/schema\/logo\/image\/"}}]}},"_links":{"self":[{"href":"https:\/\/letter.app.br\/site\/wp-json\/wp\/v2\/pages\/32433","targetHints":{"allow":["GET"]}}],"collection":[{"href":"https:\/\/letter.app.br\/site\/wp-json\/wp\/v2\/pages"}],"about":[{"href":"https:\/\/letter.app.br\/site\/wp-json\/wp\/v2\/types\/page"}],"author":[{"embeddable":true,"href":"https:\/\/letter.app.br\/site\/wp-json\/wp\/v2\/users\/2"}],"replies":[{"embeddable":true,"href":"https:\/\/letter.app.br\/site\/wp-json\/wp\/v2\/comments?post=32433"}],"version-history":[{"count":7,"href":"https:\/\/letter.app.br\/site\/wp-json\/wp\/v2\/pages\/32433\/revisions"}],"predecessor-version":[{"id":32443,"href":"https:\/\/letter.app.br\/site\/wp-json\/wp\/v2\/pages\/32433\/revisions\/32443"}],"wp:attachment":[{"href":"https:\/\/letter.app.br\/site\/wp-json\/wp\/v2\/media?parent=32433"}],"curies":[{"name":"wp","href":"https:\/\/api.w.org\/{rel}","templated":true}]}}